{"id":12,"date":"2023-03-30T04:31:04","date_gmt":"2023-03-30T04:31:04","guid":{"rendered":"https:\/\/ccreadysites.cyberchimps.com\/food-blogging\/?page_id=12"},"modified":"2023-08-27T21:52:01","modified_gmt":"2023-08-27T18:52:01","slug":"about","status":"publish","type":"page","link":"https:\/\/www.tyonohjauspolku.fi\/index.php\/about\/","title":{"rendered":"Konsultaatio"},"content":{"rendered":"\t\t<div data-elementor-type=\"wp-page\" data-elementor-id=\"12\" class=\"elementor elementor-12\">\n\t\t\t\t\t\t<section class=\"elementor-section elementor-top-section elementor-element elementor-element-e175199 elementor-section-boxed elementor-section-height-default elementor-section-height-default\" data-id=\"e175199\" data-element_type=\"section\" data-settings=\"{&quot;background_background&quot;:&quot;classic&quot;}\">\n\t\t\t\t\t\t<div class=\"elementor-container elementor-column-gap-default\">\n\t\t\t\t\t<div class=\"elementor-column elementor-col-50 elementor-top-column elementor-element elementor-element-abe3da3\" data-id=\"abe3da3\" data-element_type=\"column\">\n\t\t\t<div class=\"elementor-widget-wrap elementor-element-populated\">\n\t\t\t\t\t\t<div class=\"elementor-element elementor-element-590615b elementor-widget elementor-widget-image\" data-id=\"590615b\" data-element_type=\"widget\" data-widget_type=\"image.default\">\n\t\t\t\t<div class=\"elementor-widget-container\">\n\t\t\t\t\t\t\t\t\t\t\t\t\t\t\t<img fetchpriority=\"high\" decoding=\"async\" width=\"605\" height=\"403\" src=\"https:\/\/www.tyonohjauspolku.fi\/wp-content\/uploads\/2023\/08\/Tyonohjauspolku7.jpg\" class=\"attachment-large size-large wp-image-59\" alt=\"\" srcset=\"https:\/\/www.tyonohjauspolku.fi\/wp-content\/uploads\/2023\/08\/Tyonohjauspolku7.jpg 900w, https:\/\/www.tyonohjauspolku.fi\/wp-content\/uploads\/2023\/08\/Tyonohjauspolku7-300x200.jpg 300w, https:\/\/www.tyonohjauspolku.fi\/wp-content\/uploads\/2023\/08\/Tyonohjauspolku7-768x512.jpg 768w, https:\/\/www.tyonohjauspolku.fi\/wp-content\/uploads\/2023\/08\/Tyonohjauspolku7-100x67.jpg 100w, https:\/\/www.tyonohjauspolku.fi\/wp-content\/uploads\/2023\/08\/Tyonohjauspolku7-150x100.jpg 150w, https:\/\/www.tyonohjauspolku.fi\/wp-content\/uploads\/2023\/08\/Tyonohjauspolku7-200x133.jpg 200w, https:\/\/www.tyonohjauspolku.fi\/wp-content\/uploads\/2023\/08\/Tyonohjauspolku7-450x300.jpg 450w, https:\/\/www.tyonohjauspolku.fi\/wp-content\/uploads\/2023\/08\/Tyonohjauspolku7-600x400.jpg 600w\" sizes=\"(max-width: 605px) 100vw, 605px\" \/>\t\t\t\t\t\t\t\t\t\t\t\t\t\t\t<\/div>\n\t\t\t\t<\/div>\n\t\t\t\t\t<\/div>\n\t\t<\/div>\n\t\t\t\t<div class=\"elementor-column elementor-col-50 elementor-top-column elementor-element elementor-element-a63ff3a\" data-id=\"a63ff3a\" data-element_type=\"column\">\n\t\t\t<div class=\"elementor-widget-wrap elementor-element-populated\">\n\t\t\t\t\t\t<div class=\"elementor-element elementor-element-5c38c4f elementor-widget elementor-widget-heading\" data-id=\"5c38c4f\" data-element_type=\"widget\" data-widget_type=\"heading.default\">\n\t\t\t\t<div class=\"elementor-widget-container\">\n\t\t\t\t\t<h1 class=\"elementor-heading-title elementor-size-medium\"><span style=\"font-size: 35px\">Konsultaatiota koko Suomessa<\/span><\/h1>\t\t\t\t<\/div>\n\t\t\t\t<\/div>\n\t\t\t\t<div class=\"elementor-element elementor-element-f3c5a4b elementor-widget elementor-widget-text-editor\" data-id=\"f3c5a4b\" data-element_type=\"widget\" data-widget_type=\"text-editor.default\">\n\t\t\t\t<div class=\"elementor-widget-container\">\n\t\t\t\t\t\t\t\t\t<p>Kasvokkain, et\u00e4n\u00e4 tai k\u00e4vellen.&nbsp;<\/p>\t\t\t\t\t\t\t\t<\/div>\n\t\t\t\t<\/div>\n\t\t\t\t<div class=\"elementor-element elementor-element-1e83b96 elementor-widget elementor-widget-text-editor\" data-id=\"1e83b96\" data-element_type=\"widget\" data-widget_type=\"text-editor.default\">\n\t\t\t\t<div class=\"elementor-widget-container\">\n\t\t\t\t\t\t\t\t\t<p>Konsultointi on osa ongelmanratkaisua ja toimintavaihtoehtojen harkintaa. Se tarjoaa tilaisuuden laajentaa n\u00e4k\u00f6kulmaa ja l\u00f6yt\u00e4\u00e4 vaihtoehtoisia tapoja toimia ja tulkita tilanteita. Toisin kuin ty\u00f6nohjauksessa, konsultaatiossa korostuvat neuvonta, ohjaaminen ja toisinaan rinnalla kulkeminen. Tavoitteena on yhdess\u00e4 l\u00f6yt\u00e4\u00e4 parhaita ratkaisuja ja saavuttaa toivottuja tuloksia.<\/p>\t\t\t\t\t\t\t\t<\/div>\n\t\t\t\t<\/div>\n\t\t\t\t\t<\/div>\n\t\t<\/div>\n\t\t\t\t\t<\/div>\n\t\t<\/section>\n\t\t\t\t<section class=\"elementor-section elementor-top-section elementor-element elementor-element-f35a223 elementor-section-boxed elementor-section-height-default elementor-section-height-default\" data-id=\"f35a223\" data-element_type=\"section\" data-settings=\"{&quot;background_background&quot;:&quot;classic&quot;}\">\n\t\t\t\t\t\t<div class=\"elementor-container elementor-column-gap-default\">\n\t\t\t\t\t<div class=\"elementor-column elementor-col-100 elementor-top-column elementor-element elementor-element-7d4c1a7\" data-id=\"7d4c1a7\" data-element_type=\"column\">\n\t\t\t<div class=\"elementor-widget-wrap elementor-element-populated\">\n\t\t\t\t\t\t<div class=\"elementor-element elementor-element-7602fdf elementor-widget elementor-widget-heading\" data-id=\"7602fdf\" data-element_type=\"widget\" data-widget_type=\"heading.default\">\n\t\t\t\t<div class=\"elementor-widget-container\">\n\t\t\t\t\t<h2 class=\"elementor-heading-title elementor-size-default\">Konsultaatio on neuvottelua yleens\u00e4 saman alan toimijan kanssa ja sen tavoite on saada neuvoja, l\u00f6yt\u00e4\u00e4 yhdess\u00e4 ratkaisu tai kehitt\u00e4\u00e4 ty\u00f6t\u00e4 yhdess\u00e4. <\/h2>\t\t\t\t<\/div>\n\t\t\t\t<\/div>\n\t\t\t\t<div class=\"elementor-element elementor-element-c2ce059 elementor-widget elementor-widget-text-editor\" data-id=\"c2ce059\" data-element_type=\"widget\" data-widget_type=\"text-editor.default\">\n\t\t\t\t<div class=\"elementor-widget-container\">\n\t\t\t\t\t\t\t\t\t<p>Ty\u00f6kokemus ja opinnot p\u00e4ivitet\u00e4\u00e4n pian.\u00a0<\/p>\t\t\t\t\t\t\t\t<\/div>\n\t\t\t\t<\/div>\n\t\t\t\t<div class=\"elementor-element elementor-element-cd788af elementor-mobile-align-center elementor-widget__width-auto elementor-widget-mobile__width-inherit elementor-widget elementor-widget-button\" data-id=\"cd788af\" data-element_type=\"widget\" data-widget_type=\"button.default\">\n\t\t\t\t<div class=\"elementor-widget-container\">\n\t\t\t\t\t\t\t\t\t<div class=\"elementor-button-wrapper\">\n\t\t\t\t\t<a class=\"elementor-button elementor-button-link elementor-size-lg\" href=\"#\">\n\t\t\t\t\t\t<span class=\"elementor-button-content-wrapper\">\n\t\t\t\t\t\t\t\t\t<span class=\"elementor-button-text\">Ota yhteytt\u00e4!<\/span>\n\t\t\t\t\t<\/span>\n\t\t\t\t\t<\/a>\n\t\t\t\t<\/div>\n\t\t\t\t\t\t\t\t<\/div>\n\t\t\t\t<\/div>\n\t\t\t\t\t<\/div>\n\t\t<\/div>\n\t\t\t\t\t<\/div>\n\t\t<\/section>\n\t\t\t\t<section class=\"elementor-section elementor-top-section elementor-element elementor-element-1d9e6f5 elementor-section-boxed elementor-section-height-default elementor-section-height-default\" data-id=\"1d9e6f5\" data-element_type=\"section\" data-settings=\"{&quot;background_background&quot;:&quot;classic&quot;}\">\n\t\t\t\t\t\t<div class=\"elementor-container elementor-column-gap-default\">\n\t\t\t\t\t<div class=\"elementor-column elementor-col-100 elementor-top-column elementor-element elementor-element-9b5e675\" data-id=\"9b5e675\" data-element_type=\"column\">\n\t\t\t<div class=\"elementor-widget-wrap elementor-element-populated\">\n\t\t\t\t\t\t<div class=\"elementor-element elementor-element-505bd9c elementor-shape-circle elementor-grid-3 e-grid-align-center elementor-widget elementor-widget-social-icons\" data-id=\"505bd9c\" data-element_type=\"widget\" data-widget_type=\"social-icons.default\">\n\t\t\t\t<div class=\"elementor-widget-container\">\n\t\t\t\t\t\t\t<div class=\"elementor-social-icons-wrapper elementor-grid\">\n\t\t\t\t\t\t\t<span class=\"elementor-grid-item\">\n\t\t\t\t\t<a class=\"elementor-icon elementor-social-icon elementor-social-icon-facebook-f elementor-repeater-item-e11866c\" href=\"#\">\n\t\t\t\t\t\t<span class=\"elementor-screen-only\">Facebook-f<\/span>\n\t\t\t\t\t\t<i class=\"fab fa-facebook-f\"><\/i>\t\t\t\t\t<\/a>\n\t\t\t\t<\/span>\n\t\t\t\t\t\t\t<span class=\"elementor-grid-item\">\n\t\t\t\t\t<a class=\"elementor-icon elementor-social-icon elementor-social-icon-instagram elementor-repeater-item-ade5587\" href=\"#\">\n\t\t\t\t\t\t<span class=\"elementor-screen-only\">Instagram<\/span>\n\t\t\t\t\t\t<i class=\"fab fa-instagram\"><\/i>\t\t\t\t\t<\/a>\n\t\t\t\t<\/span>\n\t\t\t\t\t\t\t<span class=\"elementor-grid-item\">\n\t\t\t\t\t<a class=\"elementor-icon elementor-social-icon elementor-social-icon-twitter elementor-repeater-item-7319858\" href=\"#\">\n\t\t\t\t\t\t<span class=\"elementor-screen-only\">Twitter<\/span>\n\t\t\t\t\t\t<i class=\"fab fa-twitter\"><\/i>\t\t\t\t\t<\/a>\n\t\t\t\t<\/span>\n\t\t\t\t\t<\/div>\n\t\t\t\t\t\t<\/div>\n\t\t\t\t<\/div>\n\t\t\t\t\t<\/div>\n\t\t<\/div>\n\t\t\t\t\t<\/div>\n\t\t<\/section>\n\t\t\t\t<\/div>\n\t\t","protected":false},"excerpt":{"rendered":"<p>Konsultaatiota koko Suomessa Kasvokkain, et\u00e4n\u00e4 tai k\u00e4vellen.&nbsp; Konsultointi on osa ongelmanratkaisua ja toimintavaihtoehtojen harkintaa. Se tarjoaa tilaisuuden laajentaa n\u00e4k\u00f6kulmaa ja l\u00f6yt\u00e4\u00e4 vaihtoehtoisia tapoja toimia ja tulkita tilanteita. Toisin kuin ty\u00f6nohjauksessa, konsultaatiossa korostuvat neuvonta, ohjaaminen ja toisinaan rinnalla kulkeminen. Tavoitteena on &hellip;<\/p>\n<p class=\"read-more\"> <a class=\"more-link\" href=\"https:\/\/www.tyonohjauspolku.fi\/index.php\/about\/\"> <span class=\"screen-reader-text\">Konsultaatio<\/span> Lue lis\u00e4\u00e4 &raquo;<\/a><\/p>\n","protected":false},"author":2,"featured_media":0,"parent":0,"menu_order":0,"comment_status":"closed","ping_status":"closed","template":"elementor_header_footer","meta":{"footnotes":""},"class_list":["post-12","page","type-page","status-publish","hentry"],"_links":{"self":[{"href":"https:\/\/www.tyonohjauspolku.fi\/index.php\/wp-json\/wp\/v2\/pages\/12","targetHints":{"allow":["GET"]}}],"collection":[{"href":"https:\/\/www.tyonohjauspolku.fi\/index.php\/wp-json\/wp\/v2\/pages"}],"about":[{"href":"https:\/\/www.tyonohjauspolku.fi\/index.php\/wp-json\/wp\/v2\/types\/page"}],"author":[{"embeddable":true,"href":"https:\/\/www.tyonohjauspolku.fi\/index.php\/wp-json\/wp\/v2\/users\/2"}],"replies":[{"embeddable":true,"href":"https:\/\/www.tyonohjauspolku.fi\/index.php\/wp-json\/wp\/v2\/comments?post=12"}],"version-history":[{"count":19,"href":"https:\/\/www.tyonohjauspolku.fi\/index.php\/wp-json\/wp\/v2\/pages\/12\/revisions"}],"predecessor-version":[{"id":1591,"href":"https:\/\/www.tyonohjauspolku.fi\/index.php\/wp-json\/wp\/v2\/pages\/12\/revisions\/1591"}],"wp:attachment":[{"href":"https:\/\/www.tyonohjauspolku.fi\/index.php\/wp-json\/wp\/v2\/media?parent=12"}],"curies":[{"name":"wp","href":"https:\/\/api.w.org\/{rel}","templated":true}]}}