{"id":1131,"date":"2023-03-30T04:28:38","date_gmt":"2023-03-30T04:28:38","guid":{"rendered":"https:\/\/ccreadysites.cyberchimps.com\/food-blogging\/?page_id=8"},"modified":"2023-08-27T21:29:18","modified_gmt":"2023-08-27T18:29:18","slug":"home","status":"publish","type":"page","link":"https:\/\/www.tyonohjauspolku.fi\/index.php\/home\/","title":{"rendered":"Ty\u00f6nohjaus"},"content":{"rendered":"\t\t<div data-elementor-type=\"wp-page\" data-elementor-id=\"1131\" class=\"elementor elementor-1131\">\n\t\t\t\t\t\t<section class=\"elementor-section elementor-top-section elementor-element elementor-element-e0ba2ce elementor-section-height-min-height elementor-section-boxed elementor-section-height-default elementor-section-items-middle\" data-id=\"e0ba2ce\" data-element_type=\"section\" data-settings=\"{&quot;background_background&quot;:&quot;classic&quot;}\">\n\t\t\t\t\t\t<div class=\"elementor-container elementor-column-gap-default\">\n\t\t\t\t\t<div class=\"elementor-column elementor-col-50 elementor-top-column elementor-element elementor-element-6b6ad71\" data-id=\"6b6ad71\" data-element_type=\"column\">\n\t\t\t<div class=\"elementor-widget-wrap elementor-element-populated\">\n\t\t\t\t\t\t<div class=\"elementor-element elementor-element-e042608 elementor-widget elementor-widget-heading\" data-id=\"e042608\" data-element_type=\"widget\" data-widget_type=\"heading.default\">\n\t\t\t\t<div class=\"elementor-widget-container\">\n\t\t\t\t\t<h1 class=\"elementor-heading-title elementor-size-medium\"><span style=\"font-size: 35px\">Ty\u00f6nohjausta kokemuksella<\/span><\/h1>\t\t\t\t<\/div>\n\t\t\t\t<\/div>\n\t\t\t\t<div class=\"elementor-element elementor-element-c8c5f0c elementor-widget elementor-widget-heading\" data-id=\"c8c5f0c\" data-element_type=\"widget\" data-widget_type=\"heading.default\">\n\t\t\t\t<div class=\"elementor-widget-container\">\n\t\t\t\t\t<h2 class=\"elementor-heading-title elementor-size-default\"><span style=\"font-size: 17px\">Toimin ty\u00f6nohjaajana Helsinki-Vantaa-Espoo alueella ja muualla Uudellamaalla. Kokemukseni lasten suojelusta ja psykiatrisesta hoidosta antaa minulle syv\u00e4llisen ymm\u00e4rryksen n\u00e4iden alojen haasteista ja tarpeista, ja hy\u00f6dynn\u00e4n t\u00e4t\u00e4 tietoa ty\u00f6nohjausty\u00f6ss\u00e4ni.<\/span><\/h2>\t\t\t\t<\/div>\n\t\t\t\t<\/div>\n\t\t\t\t<div class=\"elementor-element elementor-element-814ae58 elementor-mobile-align-center elementor-widget__width-auto elementor-widget-mobile__width-inherit elementor-widget elementor-widget-button\" data-id=\"814ae58\" data-element_type=\"widget\" data-widget_type=\"button.default\">\n\t\t\t\t<div class=\"elementor-widget-container\">\n\t\t\t\t\t\t\t\t\t<div class=\"elementor-button-wrapper\">\n\t\t\t\t\t<a class=\"elementor-button elementor-button-link elementor-size-md\" href=\"#\">\n\t\t\t\t\t\t<span class=\"elementor-button-content-wrapper\">\n\t\t\t\t\t\t\t\t\t<span class=\"elementor-button-text\">Ota yhteytt\u00e4<\/span>\n\t\t\t\t\t<\/span>\n\t\t\t\t\t<\/a>\n\t\t\t\t<\/div>\n\t\t\t\t\t\t\t\t<\/div>\n\t\t\t\t<\/div>\n\t\t\t\t<div class=\"elementor-element elementor-element-e6db98c elementor-widget-divider--view-line elementor-widget elementor-widget-divider\" data-id=\"e6db98c\" data-element_type=\"widget\" data-widget_type=\"divider.default\">\n\t\t\t\t<div class=\"elementor-widget-container\">\n\t\t\t\t\t\t\t<div class=\"elementor-divider\">\n\t\t\t<span class=\"elementor-divider-separator\">\n\t\t\t\t\t\t<\/span>\n\t\t<\/div>\n\t\t\t\t\t\t<\/div>\n\t\t\t\t<\/div>\n\t\t\t\t<section class=\"elementor-section elementor-inner-section elementor-element elementor-element-27b60c2 elementor-section-boxed elementor-section-height-default elementor-section-height-default\" data-id=\"27b60c2\" data-element_type=\"section\">\n\t\t\t\t\t\t<div class=\"elementor-container elementor-column-gap-default\">\n\t\t\t\t\t<div class=\"elementor-column elementor-col-100 elementor-inner-column elementor-element elementor-element-fd10feb\" data-id=\"fd10feb\" data-element_type=\"column\">\n\t\t\t<div class=\"elementor-widget-wrap\">\n\t\t\t\t\t\t\t<\/div>\n\t\t<\/div>\n\t\t\t\t\t<\/div>\n\t\t<\/section>\n\t\t\t\t\t<\/div>\n\t\t<\/div>\n\t\t\t\t<div class=\"elementor-column elementor-col-50 elementor-top-column elementor-element elementor-element-010acaa\" data-id=\"010acaa\" data-element_type=\"column\">\n\t\t\t<div class=\"elementor-widget-wrap elementor-element-populated\">\n\t\t\t\t\t\t<div class=\"elementor-element elementor-element-8778bc1 elementor-hidden-mobile elementor-widget elementor-widget-image\" data-id=\"8778bc1\" data-element_type=\"widget\" data-widget_type=\"image.default\">\n\t\t\t\t<div class=\"elementor-widget-container\">\n\t\t\t\t\t\t\t\t\t\t\t\t\t\t\t<img fetchpriority=\"high\" decoding=\"async\" width=\"400\" height=\"462\" src=\"https:\/\/www.tyonohjauspolku.fi\/wp-content\/uploads\/2023\/08\/Tyonohjauspolku5-e1693132178532.jpg\" class=\"attachment-full size-full wp-image-57\" alt=\"Ty\u00f6nohjaaja Merja Lounela katsoo kameraan ja taustalla on luontomaisema.\" srcset=\"https:\/\/www.tyonohjauspolku.fi\/wp-content\/uploads\/2023\/08\/Tyonohjauspolku5-e1693132178532.jpg 400w, https:\/\/www.tyonohjauspolku.fi\/wp-content\/uploads\/2023\/08\/Tyonohjauspolku5-e1693132178532-260x300.jpg 260w, https:\/\/www.tyonohjauspolku.fi\/wp-content\/uploads\/2023\/08\/Tyonohjauspolku5-e1693132178532-100x116.jpg 100w, https:\/\/www.tyonohjauspolku.fi\/wp-content\/uploads\/2023\/08\/Tyonohjauspolku5-e1693132178532-150x173.jpg 150w, https:\/\/www.tyonohjauspolku.fi\/wp-content\/uploads\/2023\/08\/Tyonohjauspolku5-e1693132178532-200x231.jpg 200w, https:\/\/www.tyonohjauspolku.fi\/wp-content\/uploads\/2023\/08\/Tyonohjauspolku5-e1693132178532-300x347.jpg 300w\" sizes=\"(max-width: 400px) 100vw, 400px\" \/>\t\t\t\t\t\t\t\t\t\t\t\t\t\t\t<\/div>\n\t\t\t\t<\/div>\n\t\t\t\t\t<\/div>\n\t\t<\/div>\n\t\t\t\t\t<\/div>\n\t\t<\/section>\n\t\t\t\t<section class=\"elementor-section elementor-top-section elementor-element elementor-element-7e93121 elementor-section-boxed elementor-section-height-default elementor-section-height-default\" data-id=\"7e93121\" data-element_type=\"section\" data-settings=\"{&quot;background_background&quot;:&quot;classic&quot;}\">\n\t\t\t\t\t\t<div class=\"elementor-container elementor-column-gap-default\">\n\t\t\t\t\t<div class=\"elementor-column elementor-col-50 elementor-top-column elementor-element elementor-element-fffaaff\" data-id=\"fffaaff\" data-element_type=\"column\">\n\t\t\t<div class=\"elementor-widget-wrap elementor-element-populated\">\n\t\t\t\t\t\t<div class=\"elementor-element elementor-element-16fe868 elementor-widget elementor-widget-image\" data-id=\"16fe868\" data-element_type=\"widget\" data-widget_type=\"image.default\">\n\t\t\t\t<div class=\"elementor-widget-container\">\n\t\t\t\t\t\t\t\t\t\t\t\t\t\t\t<img decoding=\"async\" width=\"900\" height=\"600\" src=\"https:\/\/www.tyonohjauspolku.fi\/wp-content\/uploads\/2023\/08\/Tyonohjauspolku7.jpg\" class=\"attachment-full size-full wp-image-59\" alt=\"\" srcset=\"https:\/\/www.tyonohjauspolku.fi\/wp-content\/uploads\/2023\/08\/Tyonohjauspolku7.jpg 900w, https:\/\/www.tyonohjauspolku.fi\/wp-content\/uploads\/2023\/08\/Tyonohjauspolku7-300x200.jpg 300w, https:\/\/www.tyonohjauspolku.fi\/wp-content\/uploads\/2023\/08\/Tyonohjauspolku7-768x512.jpg 768w, https:\/\/www.tyonohjauspolku.fi\/wp-content\/uploads\/2023\/08\/Tyonohjauspolku7-100x67.jpg 100w, https:\/\/www.tyonohjauspolku.fi\/wp-content\/uploads\/2023\/08\/Tyonohjauspolku7-150x100.jpg 150w, https:\/\/www.tyonohjauspolku.fi\/wp-content\/uploads\/2023\/08\/Tyonohjauspolku7-200x133.jpg 200w, https:\/\/www.tyonohjauspolku.fi\/wp-content\/uploads\/2023\/08\/Tyonohjauspolku7-450x300.jpg 450w, https:\/\/www.tyonohjauspolku.fi\/wp-content\/uploads\/2023\/08\/Tyonohjauspolku7-600x400.jpg 600w\" sizes=\"(max-width: 900px) 100vw, 900px\" \/>\t\t\t\t\t\t\t\t\t\t\t\t\t\t\t<\/div>\n\t\t\t\t<\/div>\n\t\t\t\t\t<\/div>\n\t\t<\/div>\n\t\t\t\t<div class=\"elementor-column elementor-col-50 elementor-top-column elementor-element elementor-element-0f8152b\" data-id=\"0f8152b\" data-element_type=\"column\">\n\t\t\t<div class=\"elementor-widget-wrap elementor-element-populated\">\n\t\t\t\t\t\t<div class=\"elementor-element elementor-element-e14344e elementor-widget elementor-widget-heading\" data-id=\"e14344e\" data-element_type=\"widget\" data-widget_type=\"heading.default\">\n\t\t\t\t<div class=\"elementor-widget-container\">\n\t\t\t\t\t<h3 class=\"elementor-heading-title elementor-size-default\">Subscribe for updates!<\/h3>\t\t\t\t<\/div>\n\t\t\t\t<\/div>\n\t\t\t\t<section class=\"elementor-section elementor-inner-section elementor-element elementor-element-f5c14bb elementor-section-height-min-height elementor-section-boxed elementor-section-height-default\" data-id=\"f5c14bb\" data-element_type=\"section\">\n\t\t\t\t\t\t<div class=\"elementor-container elementor-column-gap-default\">\n\t\t\t\t\t<div class=\"elementor-column elementor-col-100 elementor-inner-column elementor-element elementor-element-590f3b0\" data-id=\"590f3b0\" data-element_type=\"column\" data-settings=\"{&quot;background_background&quot;:&quot;classic&quot;}\">\n\t\t\t<div class=\"elementor-widget-wrap elementor-element-populated\">\n\t\t\t\t\t\t<div class=\"elementor-element elementor-element-d2441b3 elementor-widget elementor-widget-heading\" data-id=\"d2441b3\" data-element_type=\"widget\" data-widget_type=\"heading.default\">\n\t\t\t\t<div class=\"elementor-widget-container\">\n\t\t\t\t\t<h3 class=\"elementor-heading-title elementor-size-default\">Ty\u00f6nohjauksen ja neuropsykiatrisen valmennuksen ammattilainen<\/h3>\t\t\t\t<\/div>\n\t\t\t\t<\/div>\n\t\t\t\t<div class=\"elementor-element elementor-element-87015f3 elementor-widget elementor-widget-text-editor\" data-id=\"87015f3\" data-element_type=\"widget\" data-widget_type=\"text-editor.default\">\n\t\t\t\t<div class=\"elementor-widget-container\">\n\t\t\t\t\t\t\t\t\t<p>Olen neuropsykiatrisen ty\u00f6n ammattilainen ja toimin my\u00f6s ty\u00f6nohjaajana. Yhdist\u00e4n vahvan alan osaamiseni ty\u00f6nohjaukseen, auttaen yksil\u00f6it\u00e4 ja ty\u00f6yhteis\u00f6j\u00e4 saavuttamaan tavoitteensa ja vahvistamaan ty\u00f6hyvinvointiaan.<\/p>\t\t\t\t\t\t\t\t<\/div>\n\t\t\t\t<\/div>\n\t\t\t\t\t<\/div>\n\t\t<\/div>\n\t\t\t\t\t<\/div>\n\t\t<\/section>\n\t\t\t\t\t<\/div>\n\t\t<\/div>\n\t\t\t\t\t<\/div>\n\t\t<\/section>\n\t\t\t\t<section class=\"elementor-section elementor-top-section elementor-element elementor-element-1abbea2 elementor-section-boxed elementor-section-height-default elementor-section-height-default\" data-id=\"1abbea2\" data-element_type=\"section\" data-settings=\"{&quot;background_background&quot;:&quot;classic&quot;}\">\n\t\t\t\t\t\t<div class=\"elementor-container elementor-column-gap-default\">\n\t\t\t\t\t<div class=\"elementor-column elementor-col-100 elementor-top-column elementor-element elementor-element-c90c09b\" data-id=\"c90c09b\" data-element_type=\"column\">\n\t\t\t<div class=\"elementor-widget-wrap elementor-element-populated\">\n\t\t\t\t\t\t<div class=\"elementor-element elementor-element-6ad7550 elementor-widget elementor-widget-heading\" data-id=\"6ad7550\" data-element_type=\"widget\" data-widget_type=\"heading.default\">\n\t\t\t\t<div class=\"elementor-widget-container\">\n\t\t\t\t\t<h2 class=\"elementor-heading-title elementor-size-default\">Onko ty\u00f6yhteis\u00f6ss\u00e4si tarvetta tuelle?<span style=\"font-size: 32px;text-transform: inherit;background-color: var( --e-global-color-primary )\"><\/span><\/h2>\t\t\t\t<\/div>\n\t\t\t\t<\/div>\n\t\t\t\t<div class=\"elementor-element elementor-element-9eae88f elementor-widget elementor-widget-text-editor\" data-id=\"9eae88f\" data-element_type=\"widget\" data-widget_type=\"text-editor.default\">\n\t\t\t\t<div class=\"elementor-widget-container\">\n\t\t\t\t\t\t\t\t\t<p>Ota yhteytt\u00e4 ja mietit\u00e4\u00e4n teille sopiva ty\u00f6nohjaus kokonaisuus.\u00a0<\/p>\t\t\t\t\t\t\t\t<\/div>\n\t\t\t\t<\/div>\n\t\t\t\t<div class=\"elementor-element elementor-element-23a83b2 elementor-mobile-align-center elementor-widget__width-auto elementor-widget-mobile__width-inherit elementor-widget elementor-widget-button\" data-id=\"23a83b2\" data-element_type=\"widget\" data-widget_type=\"button.default\">\n\t\t\t\t<div class=\"elementor-widget-container\">\n\t\t\t\t\t\t\t\t\t<div class=\"elementor-button-wrapper\">\n\t\t\t\t\t<a class=\"elementor-button elementor-button-link elementor-size-lg\" href=\"#\">\n\t\t\t\t\t\t<span class=\"elementor-button-content-wrapper\">\n\t\t\t\t\t\t\t\t\t<span class=\"elementor-button-text\">Yhteystiedot<\/span>\n\t\t\t\t\t<\/span>\n\t\t\t\t\t<\/a>\n\t\t\t\t<\/div>\n\t\t\t\t\t\t\t\t<\/div>\n\t\t\t\t<\/div>\n\t\t\t\t\t<\/div>\n\t\t<\/div>\n\t\t\t\t\t<\/div>\n\t\t<\/section>\n\t\t\t\t<section class=\"elementor-section elementor-top-section elementor-element elementor-element-1bf17ec elementor-section-boxed elementor-section-height-default elementor-section-height-default\" data-id=\"1bf17ec\" data-element_type=\"section\" data-settings=\"{&quot;background_background&quot;:&quot;classic&quot;}\">\n\t\t\t\t\t\t<div class=\"elementor-container elementor-column-gap-default\">\n\t\t\t\t\t<div class=\"elementor-column elementor-col-100 elementor-top-column elementor-element elementor-element-a9594dc\" data-id=\"a9594dc\" data-element_type=\"column\">\n\t\t\t<div class=\"elementor-widget-wrap elementor-element-populated\">\n\t\t\t\t\t\t<div class=\"elementor-element elementor-element-00f6c03 elementor-shape-circle elementor-grid-3 e-grid-align-center elementor-widget elementor-widget-social-icons\" data-id=\"00f6c03\" data-element_type=\"widget\" data-widget_type=\"social-icons.default\">\n\t\t\t\t<div class=\"elementor-widget-container\">\n\t\t\t\t\t\t\t<div class=\"elementor-social-icons-wrapper elementor-grid\">\n\t\t\t\t\t\t\t<span class=\"elementor-grid-item\">\n\t\t\t\t\t<a class=\"elementor-icon elementor-social-icon elementor-social-icon-facebook-f elementor-repeater-item-c8c72ea\" href=\"#\">\n\t\t\t\t\t\t<span class=\"elementor-screen-only\">Facebook-f<\/span>\n\t\t\t\t\t\t<i class=\"fab fa-facebook-f\"><\/i>\t\t\t\t\t<\/a>\n\t\t\t\t<\/span>\n\t\t\t\t\t\t\t<span class=\"elementor-grid-item\">\n\t\t\t\t\t<a class=\"elementor-icon elementor-social-icon elementor-social-icon-instagram elementor-repeater-item-d5c3fc3\" href=\"#\">\n\t\t\t\t\t\t<span class=\"elementor-screen-only\">Instagram<\/span>\n\t\t\t\t\t\t<i class=\"fab fa-instagram\"><\/i>\t\t\t\t\t<\/a>\n\t\t\t\t<\/span>\n\t\t\t\t\t\t\t<span class=\"elementor-grid-item\">\n\t\t\t\t\t<a class=\"elementor-icon elementor-social-icon elementor-social-icon-twitter elementor-repeater-item-e5f44df\" href=\"#\">\n\t\t\t\t\t\t<span class=\"elementor-screen-only\">Twitter<\/span>\n\t\t\t\t\t\t<i class=\"fab fa-twitter\"><\/i>\t\t\t\t\t<\/a>\n\t\t\t\t<\/span>\n\t\t\t\t\t<\/div>\n\t\t\t\t\t\t<\/div>\n\t\t\t\t<\/div>\n\t\t\t\t\t<\/div>\n\t\t<\/div>\n\t\t\t\t\t<\/div>\n\t\t<\/section>\n\t\t\t\t<\/div>\n\t\t","protected":false},"excerpt":{"rendered":"<p>Ty\u00f6nohjausta kokemuksella Toimin ty\u00f6nohjaajana Helsinki-Vantaa-Espoo alueella ja muualla Uudellamaalla. Kokemukseni lasten suojelusta ja psykiatrisesta hoidosta antaa minulle syv\u00e4llisen ymm\u00e4rryksen n\u00e4iden alojen haasteista ja tarpeista, ja hy\u00f6dynn\u00e4n t\u00e4t\u00e4 tietoa ty\u00f6nohjausty\u00f6ss\u00e4ni. Ota yhteytt\u00e4 Subscribe for updates! Ty\u00f6nohjauksen ja neuropsykiatrisen valmennuksen ammattilainen Olen &hellip;<\/p>\n<p class=\"read-more\"> <a class=\"more-link\" href=\"https:\/\/www.tyonohjauspolku.fi\/index.php\/home\/\"> <span class=\"screen-reader-text\">Ty\u00f6nohjaus<\/span> Lue lis\u00e4\u00e4 &raquo;<\/a><\/p>\n","protected":false},"author":2,"featured_media":0,"parent":0,"menu_order":0,"comment_status":"closed","ping_status":"closed","template":"elementor_header_footer","meta":{"footnotes":""},"class_list":["post-1131","page","type-page","status-publish","hentry"],"_links":{"self":[{"href":"https:\/\/www.tyonohjauspolku.fi\/index.php\/wp-json\/wp\/v2\/pages\/1131","targetHints":{"allow":["GET"]}}],"collection":[{"href":"https:\/\/www.tyonohjauspolku.fi\/index.php\/wp-json\/wp\/v2\/pages"}],"about":[{"href":"https:\/\/www.tyonohjauspolku.fi\/index.php\/wp-json\/wp\/v2\/types\/page"}],"author":[{"embeddable":true,"href":"https:\/\/www.tyonohjauspolku.fi\/index.php\/wp-json\/wp\/v2\/users\/2"}],"replies":[{"embeddable":true,"href":"https:\/\/www.tyonohjauspolku.fi\/index.php\/wp-json\/wp\/v2\/comments?post=1131"}],"version-history":[{"count":25,"href":"https:\/\/www.tyonohjauspolku.fi\/index.php\/wp-json\/wp\/v2\/pages\/1131\/revisions"}],"predecessor-version":[{"id":1585,"href":"https:\/\/www.tyonohjauspolku.fi\/index.php\/wp-json\/wp\/v2\/pages\/1131\/revisions\/1585"}],"wp:attachment":[{"href":"https:\/\/www.tyonohjauspolku.fi\/index.php\/wp-json\/wp\/v2\/media?parent=1131"}],"curies":[{"name":"wp","href":"https:\/\/api.w.org\/{rel}","templated":true}]}}